{"id":1199,"date":"2021-11-27T22:40:19","date_gmt":"2021-11-27T22:40:19","guid":{"rendered":"https:\/\/crevedialogisticpark.ro\/index.php\/despre\/"},"modified":"2023-02-17T16:19:00","modified_gmt":"2023-02-17T16:19:00","slug":"about","status":"publish","type":"page","link":"https:\/\/crevedialogisticpark.ro\/en\/about\/","title":{"rendered":"About"},"content":{"rendered":"<div class=\"gb-container gb-container-07e2e176\"><div class=\"gb-inside-container\">\n\n<h4 class=\"gb-headline gb-headline-1274d019\"><span class=\"gb-icon\"><svg xmlns=\"http:\/\/www.w3.org\/2000\/svg\" width=\"16\" height=\"16\" fill=\"currentColor\" class=\"bi bi-dash\" viewBox=\"0 0 16 16\">   <path d=\"M4 8a.5.5 0 0 1 .5-.5h7a.5.5 0 0 1 0 1h-7A.5.5 0 0 1 4 8z\"><\/path> <\/svg><\/span><span class=\"gb-headline-text\">What we do<\/span><\/h4>\n\n\n\n<p class=\"gb-headline gb-headline-d99fbab7 gb-headline-text\"><em>Our company is located in Bucharest\/Romania having branches throughout the country and in Republic Of Moldova.<\/em><\/p>\n\n\n<div class=\"gb-grid-wrapper gb-grid-wrapper-ba56af07\">\n<div class=\"gb-grid-column gb-grid-column-3bb0ab60\"><div class=\"gb-container gb-container-3bb0ab60\"><div class=\"gb-inside-container\"><\/div><\/div><\/div>\n\n<div class=\"gb-grid-column gb-grid-column-89af7de3\"><div class=\"gb-container gb-container-89af7de3\"><div class=\"gb-inside-container\">\n\n<p class=\"gb-headline gb-headline-dd29b475\"><span class=\"gb-icon\"><svg xmlns=\"http:\/\/www.w3.org\/2000\/svg\" viewBox=\"0 0 16 16\" class=\"bi bi-check2-square\" fill=\"currentColor\" height=\"16\" width=\"16\">   <path d=\"M3 14.5A1.5 1.5 0 0 1 1.5 13V3A1.5 1.5 0 0 1 3 1.5h8a.5.5 0 0 1 0 1H3a.5.5 0 0 0-.5.5v10a.5.5 0 0 0 .5.5h10a.5.5 0 0 0 .5-.5V8a.5.5 0 0 1 1 0v5a1.5 1.5 0 0 1-1.5 1.5H3z\"><\/path>   <path d=\"m8.354 10.354 7-7a.5.5 0 0 0-.708-.708L8 9.293 5.354 6.646a.5.5 0 1 0-.708.708l3 3a.5.5 0 0 0 .708 0z\"><\/path> <\/svg><\/span><span class=\"gb-headline-text\">True to our mission, we offer the same quality services in the field of storage spaces, through the <strong>Crevedia Logistic Park<\/strong> project.<\/span><\/p>\n\n\n\n<p class=\"gb-headline gb-headline-577c16af\"><span class=\"gb-icon\"><svg xmlns=\"http:\/\/www.w3.org\/2000\/svg\" viewBox=\"0 0 16 16\" class=\"bi bi-check2-square\" fill=\"currentColor\" height=\"16\" width=\"16\">   <path d=\"M3 14.5A1.5 1.5 0 0 1 1.5 13V3A1.5 1.5 0 0 1 3 1.5h8a.5.5 0 0 1 0 1H3a.5.5 0 0 0-.5.5v10a.5.5 0 0 0 .5.5h10a.5.5 0 0 0 .5-.5V8a.5.5 0 0 1 1 0v5a1.5 1.5 0 0 1-1.5 1.5H3z\"><\/path>   <path d=\"m8.354 10.354 7-7a.5.5 0 0 0-.708-.708L8 9.293 5.354 6.646a.5.5 0 1 0-.708.708l3 3a.5.5 0 0 0 .708 0z\"><\/path> <\/svg><\/span><span class=\"gb-headline-text\">The warehouse complex is located in Crevedia commune, D\u00e2mbovi\u0163a county, on the Bucharest-T\u00e2rgovi\u015fte national road (DN1A), 10 km away of the Bucharest ring road, near the Bucharest-Pite\u015fti highway, having an area of 72,000 m2.<\/span><\/p>\n\n<\/div><\/div><\/div>\n<\/div>\n<\/div><\/div>\n\n<div class=\"gb-container gb-container-2165de3b\"><div class=\"gb-inside-container\">\n\n<h4 class=\"gb-headline gb-headline-4d44ce53\"><span class=\"gb-icon\"><svg xmlns=\"http:\/\/www.w3.org\/2000\/svg\" width=\"16\" height=\"16\" fill=\"currentColor\" class=\"bi bi-dash\" viewBox=\"0 0 16 16\">   <path d=\"M4 8a.5.5 0 0 1 .5-.5h7a.5.5 0 0 1 0 1h-7A.5.5 0 0 1 4 8z\"><\/path> <\/svg><\/span><span class=\"gb-headline-text\">Our company history<\/span><\/h4>\n\n\n\n<p class=\"gb-headline gb-headline-f52fc9fa gb-headline-text\"><em>Modern logistics space, which, in addition to rental spaces, also includes offices, cold storage and other related buildings<\/em>.<\/p>\n\n\n<div class=\"gb-grid-wrapper gb-grid-wrapper-aa991320\">\n<div class=\"gb-grid-column gb-grid-column-a7013218\"><div class=\"gb-container gb-container-a7013218\"><div class=\"gb-inside-container\">\n\n<h5 class=\"gb-headline gb-headline-40a61743 gb-headline-text\">2005<\/h5>\n\n\n<div class=\"gb-grid-wrapper gb-grid-wrapper-f25a2b7f\">\n<div class=\"gb-grid-column gb-grid-column-f39e7620\"><div class=\"gb-container gb-container-f39e7620\"><div class=\"gb-inside-container\"><\/div><\/div><\/div>\n\n<div class=\"gb-grid-column gb-grid-column-d535c791\"><div class=\"gb-container gb-container-d535c791\"><div class=\"gb-inside-container\">\n\n<h4 class=\"gb-headline gb-headline-41650a5c\"><span class=\"gb-icon\"><svg xmlns=\"http:\/\/www.w3.org\/2000\/svg\" aria-hidden=\"true\" role=\"img\" height=\"1em\" width=\"1em\" viewBox=\"0 0 512 512\"><path fill=\"currentColor\" d=\"M256 8C119 8 8 119 8 256s111 248 248 248 248-111 248-248S393 8 256 8z\"><\/path><\/svg><\/span><\/h4>\n\n<\/div><\/div><\/div>\n\n<div class=\"gb-grid-column gb-grid-column-e7a60ee8\"><div class=\"gb-container gb-container-e7a60ee8\"><div class=\"gb-inside-container\"><\/div><\/div><\/div>\n<\/div>\n\n<div class=\"gb-container gb-container-0ad355b4\"><div class=\"gb-inside-container\">\n\n<h5 class=\"gb-headline gb-headline-f7f8b717 gb-headline-text\">Stage 1 construction<\/h5>\n\n\n\n<p class=\"gb-headline gb-headline-463fcbcc gb-headline-text\">3 rental halls are being built<\/p>\n\n<\/div><\/div>\n<\/div><\/div><\/div>\n\n<div class=\"gb-grid-column gb-grid-column-97675b96\"><div class=\"gb-container gb-container-97675b96\"><div class=\"gb-inside-container\">\n\n<h5 class=\"gb-headline gb-headline-6e82691d gb-headline-text\">2018<\/h5>\n\n\n<div class=\"gb-grid-wrapper gb-grid-wrapper-57af7e8e\">\n<div class=\"gb-grid-column gb-grid-column-c6a7ffb3\"><div class=\"gb-container gb-container-c6a7ffb3\"><div class=\"gb-inside-container\"><\/div><\/div><\/div>\n\n<div class=\"gb-grid-column gb-grid-column-7627382a\"><div class=\"gb-container gb-container-7627382a\"><div class=\"gb-inside-container\">\n\n<h4 class=\"gb-headline gb-headline-e3d6186b\"><span class=\"gb-icon\"><svg xmlns=\"http:\/\/www.w3.org\/2000\/svg\" aria-hidden=\"true\" role=\"img\" height=\"1em\" width=\"1em\" viewBox=\"0 0 512 512\"><path fill=\"currentColor\" d=\"M256 8C119 8 8 119 8 256s111 248 248 248 248-111 248-248S393 8 256 8z\"><\/path><\/svg><\/span><\/h4>\n\n<\/div><\/div><\/div>\n\n<div class=\"gb-grid-column gb-grid-column-e089bbe5\"><div class=\"gb-container gb-container-e089bbe5\"><div class=\"gb-inside-container\"><\/div><\/div><\/div>\n<\/div>\n\n<div class=\"gb-container gb-container-d08cb5d8\"><div class=\"gb-inside-container\">\n\n<h5 class=\"gb-headline gb-headline-65ca8ea2 gb-headline-text\">Stage 2 construction<\/h5>\n\n\n\n<p class=\"gb-headline gb-headline-ac85558c gb-headline-text\">3 more industrial spaces have been added<\/p>\n\n<\/div><\/div>\n<\/div><\/div><\/div>\n\n<div class=\"gb-grid-column gb-grid-column-faa2fdd3\"><div class=\"gb-container gb-container-faa2fdd3\"><div class=\"gb-inside-container\">\n\n<h5 class=\"gb-headline gb-headline-e33d8df6 gb-headline-text\">2022<\/h5>\n\n\n<div class=\"gb-grid-wrapper gb-grid-wrapper-f9804414\">\n<div class=\"gb-grid-column gb-grid-column-ae4e255b\"><div class=\"gb-container gb-container-ae4e255b\"><div class=\"gb-inside-container\"><\/div><\/div><\/div>\n\n<div class=\"gb-grid-column gb-grid-column-b630e18b\"><div class=\"gb-container gb-container-b630e18b\"><div class=\"gb-inside-container\">\n\n<h4 class=\"gb-headline gb-headline-1063ee99\"><span class=\"gb-icon\"><svg xmlns=\"http:\/\/www.w3.org\/2000\/svg\" aria-hidden=\"true\" role=\"img\" height=\"1em\" width=\"1em\" viewBox=\"0 0 512 512\"><path fill=\"currentColor\" d=\"M256 8C119 8 8 119 8 256s111 248 248 248 248-111 248-248S393 8 256 8z\"><\/path><\/svg><\/span><\/h4>\n\n<\/div><\/div><\/div>\n\n<div class=\"gb-grid-column gb-grid-column-2c850715\"><div class=\"gb-container gb-container-2c850715\"><div class=\"gb-inside-container\"><\/div><\/div><\/div>\n<\/div>\n\n<div class=\"gb-container gb-container-8a083c7a\"><div class=\"gb-inside-container\">\n\n<h5 class=\"gb-headline gb-headline-2b10e7a1 gb-headline-text\">Year of construction<\/h5>\n\n<\/div><\/div>\n<\/div><\/div><\/div>\n<\/div>\n<\/div><\/div>","protected":false},"excerpt":{"rendered":"<p>What we do Our company is located in Bucharest\/Romania having branches throughout the country and in Republic Of Moldova. Our company history Modern logistics space, which, in addition to rental spaces, also includes offices, cold storage and other related buildings.<\/p>\n","protected":false},"author":1,"featured_media":0,"parent":0,"menu_order":0,"comment_status":"closed","ping_status":"closed","template":"","meta":{"_acf_changed":false,"footnotes":""},"class_list":["post-1199","page","type-page","status-publish"],"acf":[],"_links":{"self":[{"href":"https:\/\/crevedialogisticpark.ro\/en\/wp-json\/wp\/v2\/pages\/1199","targetHints":{"allow":["GET"]}}],"collection":[{"href":"https:\/\/crevedialogisticpark.ro\/en\/wp-json\/wp\/v2\/pages"}],"about":[{"href":"https:\/\/crevedialogisticpark.ro\/en\/wp-json\/wp\/v2\/types\/page"}],"author":[{"embeddable":true,"href":"https:\/\/crevedialogisticpark.ro\/en\/wp-json\/wp\/v2\/users\/1"}],"replies":[{"embeddable":true,"href":"https:\/\/crevedialogisticpark.ro\/en\/wp-json\/wp\/v2\/comments?post=1199"}],"version-history":[{"count":17,"href":"https:\/\/crevedialogisticpark.ro\/en\/wp-json\/wp\/v2\/pages\/1199\/revisions"}],"predecessor-version":[{"id":1424,"href":"https:\/\/crevedialogisticpark.ro\/en\/wp-json\/wp\/v2\/pages\/1199\/revisions\/1424"}],"wp:attachment":[{"href":"https:\/\/crevedialogisticpark.ro\/en\/wp-json\/wp\/v2\/media?parent=1199"}],"curies":[{"name":"wp","href":"https:\/\/api.w.org\/{rel}","templated":true}]}}